{"id":2078,"date":"2024-04-22T14:07:49","date_gmt":"2024-04-22T14:07:49","guid":{"rendered":"https:\/\/nw.travelblox.eu\/?page_id=2078"},"modified":"2026-03-26T14:35:58","modified_gmt":"2026-03-26T14:35:58","slug":"optionale-aktivitaten","status":"publish","type":"page","link":"https:\/\/nw.travelblox.eu\/de\/optionale-aktivitaten\/","title":{"rendered":"Optionale Aktivit\u00e4ten"},"content":{"rendered":"<div class=\"tb-header tb-block align-center background-dark pattern-none variant-none\" id=\"header\" data-fallback-background=\"https:\/\/nw.travelblox.eu\/wp-content\/uploads\/sites\/64\/2024\/01\/NW_2023_MarionStoffels_LR-271-2-1.jpg\" style=\"background-image: url('https:\/\/nw.travelblox.eu\/wp-content\/uploads\/sites\/64\/2024\/01\/NW_2023_MarionStoffels_LR-271-2-1.jpg'); background-position:;\">\n    <div class=\"tb-header-foreground\">\n        <div class=\"inner-block\">\n\n            <div class=\"main-part\">\n                <div class=\"text-part\">\n                                                                                            <h1>\t<span class=\"tb-logo\"  style=\"-webkit-mask-image: url(https:\/\/nw.travelblox.eu\/wp-content\/uploads\/sites\/64\/2023\/10\/Nordic-woods-Logo2-1.png); mask-image: url(https:\/\/nw.travelblox.eu\/wp-content\/uploads\/sites\/64\/2023\/10\/Nordic-woods-Logo2-1.png)\">\n\t\t<img src='https:\/\/nw.travelblox.eu\/wp-content\/uploads\/sites\/64\/2023\/10\/Nordic-woods-Logo2-1.png' width='564' height='750' alt='NORDIC WOODS Logo' title='NORDIC WOODS' loading='lazy'>\n\t<\/span>\n<\/h1>\n                                                                                        <h2 class=\"tb-subtitle\">\t\t<div class=\"translation-block\"><p>OPTIONALE ACTIVIT\u00c4TEN<\/p><\/div>\n\t<\/h2>\n                                                                                                                                <div class=\"tb-buttons-part\">\n                                                            \t\t<a href=\"https:\/\/booking.travelbase.eu\/nw26-sweden\/book?lang=de\"  target=\"_blank\" class=\"tb-button\">\n\t\t\tBUCHEN F\u00dcR 2024\t\t<\/a>\n\t\t                                                                                <\/div>\n                                                        <\/div>\n            <\/div>\n            \t\t<a href=\"#\" class=\"scroll-down-button\">\n\t\t\t<i class=\"fa fa-arrow-down\"><\/i>\n\t\t<\/a>\n\t\n                    <\/div>\n    <\/div>\n\n    \n    \n<\/div>\n\n\n<div class=\"tb-textimage2 tb-block align-left background-dark pattern-default variant-text_first tb-collapsible-margins\" id=\"textimage2\">\n\t<div class=\"inner-block tb-fade-in\">\n\n\t\t\n\t\t<div class=\"tb-columns\">\n\t\t\t<div class=\"tb-column\">\n\t\t\t\t<div class=\"tb-text-part\">\n\t\t\t\t\t<h2>OPTIONALE AKTIVIT\u00c4TEN<\/h2>\n\t\t\t\t\t\t\t<div class=\"translation-block\"><p><strong>TEILNEHMEN BEI DEM LOKALEN EXPERTEN<\/strong><\/p><p>Bei Nordic Woods kannst du neben den Aktivit\u00e4ten, die vom Nordic Woods-Team angeboten werden, auch an den von Ursula's Adventyr organisierten Aktivit\u00e4ten teilnehmen. Ursula ist ein lokaler Guide, die dich auf verschiedene herausfordernde Abenteuer wie H\u00f6hlenwandern, Seekajakfahren und Klettern mitnimmt.<\/p><p>Nach deiner Buchung kannst du ganz einfach \u00fcber die <a href=\"https:\/\/nordicwoods.org\/en\/app\/\">Travelbase App<\/a> an diesen Aktivit\u00e4ten teilnehmen.<\/p><p>Kinder k\u00f6nnen unter der Aufsicht eines Elternteils teilnehmen.<\/p><\/div>\n\t\t\t\t\t\t\t\t\t\t\t<div class=\"tb-buttons-part\">\n\t\t\t\t\t\t\t\t\t\t\t\t\t\t\t\t\t<\/div>\n\t\t\t\t<\/div>\n\t\t\t<\/div>\n\t\t\t<div class=\"tb-column\">\n\t\t\t\t\t\t\t\t\t\t\t\t\t\t\t<div class=\"tb-image-part\">\n\t\t\t\t\t\t\t\t\t\t\t<div class=\"inner-block-full-width has-tb-carousel tb-carousel-slider\" >\n\t\t\t<div class=\"tb-carousel-container\">\n\t\t\t\t<div class=\"entries tb-cards\" data-slider-first=\"0\">\n\t\t\t\t\t\t\t\t\t<div class=\"entry\">\n\t\t\t\t<div class=\"tb-image-part\">\n\t\t\t\t\t<figure>\n\t\t\t\t\t\t<img src='https:\/\/nw.travelblox.eu\/wp-content\/uploads\/sites\/64\/2024\/04\/NordicWoods_LR_Evy-363-768x512.jpg' width='768' height='512' loading='lazy' image_size='medium_large'>\t\t\t\t\t\t\t\t\t\t\t\t\t\t\t\t\t\t\t\t\t\t\t\t\t\t\t\t\t\t\t<\/figure>\n\t\t\t\t<\/div>\n\t\t\t<\/div>\n\t\t\t\t\t<div class=\"entry\">\n\t\t\t\t<div class=\"tb-image-part\">\n\t\t\t\t\t<figure>\n\t\t\t\t\t\t<img src='https:\/\/nw.travelblox.eu\/wp-content\/uploads\/sites\/64\/2024\/04\/Nordicwoods-Zweden-NickBezemer-LR-40-1-768x512.jpg' width='768' height='512' loading='lazy' image_size='medium_large'>\t\t\t\t\t\t\t\t\t\t\t\t\t\t\t\t\t\t\t\t\t\t\t\t\t\t\t\t\t\t\t<\/figure>\n\t\t\t\t<\/div>\n\t\t\t<\/div>\n\t\t\t\t\t<div class=\"entry\">\n\t\t\t\t<div class=\"tb-image-part\">\n\t\t\t\t\t<figure>\n\t\t\t\t\t\t<img src='https:\/\/nw.travelblox.eu\/wp-content\/uploads\/sites\/64\/2024\/04\/Nordicwoods-Zweden-NickBezemer-LR-30-768x1152.jpg' width='768' height='1152' loading='lazy' image_size='medium_large'>\t\t\t\t\t\t\t\t\t\t\t\t\t\t\t\t\t\t\t\t\t\t\t\t\t\t\t\t\t\t\t<\/figure>\n\t\t\t\t<\/div>\n\t\t\t<\/div>\n\t\t\t\t\t<div class=\"entry\">\n\t\t\t\t<div class=\"tb-image-part\">\n\t\t\t\t\t<figure>\n\t\t\t\t\t\t<img src='https:\/\/nw.travelblox.eu\/wp-content\/uploads\/sites\/64\/2024\/04\/droneNordicwoods_Noorwegen_2022_EvyvanNispen_LR-34-768x512.jpg' width='768' height='512' alt='sea kayaking nordic woods glamping' loading='lazy' image_size='medium_large'>\t\t\t\t\t\t\t\t\t\t\t\t\t\t\t\t\t\t\t\t\t\t\t\t\t\t\t\t\t\t\t<\/figure>\n\t\t\t\t<\/div>\n\t\t\t<\/div>\n\t\t\t\t\t\t\t\t<\/div>\n\t\t\t\t\t\t<div class=\"tb-carousel-nav\">\n\t\t\t<div class=\"dots\">\n\t\t\t\t<div class=\"dot active\"><\/div>\n\t\t\t\t<div class=\"dot\"><\/div>\n\t\t\t\t<div class=\"dot\"><\/div>\n\t\t\t<\/div>\n\t\t\t<div class=\"arrows\">\n\t\t\t\t<div class=\"prev disabled\">\n\t\t\t\t\t<span><i class=\"fa fa-chevron-left\"><\/i><\/span>\n\t\t\t\t<\/div>\n\t\t\t\t<div class=\"next\">\n\t\t\t\t\t<span><i class=\"fa fa-chevron-right\"><\/i><\/span>\n\t\t\t\t<\/div>\n\t\t\t<\/div>\n\t\t<\/div>\n\t\t\t\t<\/div>\n\t\t<\/div>\n\t\t\t\t\t\t\t\t<\/div>\n\t\t\t\t\t\t\t\t\t\t\t\t<\/div>\n\t\t<\/div>\n\t<\/div>\n<\/div>\n\n\n<div class=\"tb-colcompare tb-block align-center background-dark pattern-default variant-cards tb-collapsible-margins\" id=\"colcompare\">\n\t<div class=\"inner-block tb-fade-in tb-fade-in--subtle\">\n\t\t<div class=\"text-part\">\n\t\t\t<h2><\/h2>\n\t\t\t\t\t<div class=\"translation-block\"><\/div>\n\t\t\t<\/div>\n\t<\/div>\n\t\t\t\t\t<div class=\"inner-block-full-width has-tb-carousel tb-justified\" >\n\t\t\t<div class=\"tb-carousel-container\">\n\t\t\t\t<div class=\"entries tb-cards\" data-slider-first=\"1\">\n\t\t\t\t\t\t\t\t\t<div class=\"tb-card entry tb-fade-in tb-fade-in--subtle\">\n\t\t\t\t<div class=\"tb-image-part\">\n\t\t\t\t\t\t\t\t\t<div class=\"inner-block-full-width has-tb-carousel tb-carousel-slider\" >\n\t\t\t<div class=\"tb-carousel-container\">\n\t\t\t\t<div class=\"entries tb-cards\" data-slider-first=\"0\">\n\t\t\t\t\t\t\t\t\t<div class=\"entry\">\n\t\t\t\t<div class=\"tb-image-part\">\n\t\t\t\t\t<figure>\n\t\t\t\t\t\t<img src='https:\/\/nw.travelblox.eu\/wp-content\/uploads\/sites\/64\/2024\/04\/rock2.jpg' width='637' height='885' loading='lazy' image_size='medium_large'>\t\t\t\t\t\t\t\t\t\t\t<\/figure>\n\t\t\t\t<\/div>\n\t\t\t<\/div>\n\t\t\t\t\t<div class=\"entry\">\n\t\t\t\t<div class=\"tb-image-part\">\n\t\t\t\t\t<figure>\n\t\t\t\t\t\t<img src='https:\/\/nw.travelblox.eu\/wp-content\/uploads\/sites\/64\/2024\/04\/rock1.jpg' width='600' height='743' alt='climbing nordic woods' loading='lazy' image_size='medium_large'>\t\t\t\t\t\t\t\t\t\t\t<\/figure>\n\t\t\t\t<\/div>\n\t\t\t<\/div>\n\t\t\t\t\t\t\t\t<\/div>\n\t\t\t\t\t\t<div class=\"tb-carousel-nav\">\n\t\t\t<div class=\"dots\">\n\t\t\t\t<div class=\"dot active\"><\/div>\n\t\t\t\t<div class=\"dot\"><\/div>\n\t\t\t\t<div class=\"dot\"><\/div>\n\t\t\t<\/div>\n\t\t\t<div class=\"arrows\">\n\t\t\t\t<div class=\"prev disabled\">\n\t\t\t\t\t<span><i class=\"fa fa-chevron-left\"><\/i><\/span>\n\t\t\t\t<\/div>\n\t\t\t\t<div class=\"next\">\n\t\t\t\t\t<span><i class=\"fa fa-chevron-right\"><\/i><\/span>\n\t\t\t\t<\/div>\n\t\t\t<\/div>\n\t\t<\/div>\n\t\t\t\t<\/div>\n\t\t<\/div>\n\t\t\t\t\t\t<\/div>\n\t\t\t\t<div class=\"tb-card-content text-part\">\n\t\t\t\t\t<h5>\t\t\t\t<i class=\"icon fa-solid fa-mountain-sun\" aria-hidden=\"true\"><\/i>\n\t\t\t Klettern<\/h5>\n\t\t\t\t\t\t\t<div class=\"translation-block\"><p>Diese Tour ist sowohl spannend, herausfordernd als auch entspannend. W\u00e4hrend der Tour wirst du Routen unterschiedlicher Schwierigkeit erklettern, abseilen und lernen, wie man sich beim Klettern richtig sichert. Denk daran, w\u00e4hrend des Ausflugs gen\u00fcgend Wasser mitzubringen.<\/p><p>\u23f0 10 Stunden<br>\ud83d\udcc5 Montag<br>\u23f3 5 Stunden<br>\ud83d\udccc Ab 10 Jahren<\/p><\/div>\n\t\t\t\t\t\t<div class=\"tb-buttons-part\">\n\t\t\t\t\t\t\t\t\t\t\t<\/div>\n\t\t\t\t<\/div>\n\t\t\t<\/div>\n\t\t\t\t\t<div class=\"tb-card entry tb-fade-in tb-fade-in--subtle\">\n\t\t\t\t<div class=\"tb-image-part\">\n\t\t\t\t\t\t\t\t\t<div class=\"inner-block-full-width has-tb-carousel tb-carousel-slider\" >\n\t\t\t<div class=\"tb-carousel-container\">\n\t\t\t\t<div class=\"entries tb-cards\" data-slider-first=\"0\">\n\t\t\t\t\t\t\t\t\t<div class=\"entry\">\n\t\t\t\t<div class=\"tb-image-part\">\n\t\t\t\t\t<figure>\n\t\t\t\t\t\t<img src='https:\/\/nw.travelblox.eu\/wp-content\/uploads\/sites\/64\/2024\/04\/Nordicwoods-Zweden-NickBezemer-LR-40-1-1-768x512.jpg' width='768' height='512' loading='lazy' image_size='medium_large'>\t\t\t\t\t\t\t\t\t\t\t<\/figure>\n\t\t\t\t<\/div>\n\t\t\t<\/div>\n\t\t\t\t\t<div class=\"entry\">\n\t\t\t\t<div class=\"tb-image-part\">\n\t\t\t\t\t<figure>\n\t\t\t\t\t\t<img src='https:\/\/nw.travelblox.eu\/wp-content\/uploads\/sites\/64\/2024\/04\/Nordicwoods-Zweden-NickBezemer-LR-38-1-768x1152.jpg' width='768' height='1152' loading='lazy' image_size='medium_large'>\t\t\t\t\t\t\t\t\t\t\t<\/figure>\n\t\t\t\t<\/div>\n\t\t\t<\/div>\n\t\t\t\t\t<div class=\"entry\">\n\t\t\t\t<div class=\"tb-image-part\">\n\t\t\t\t\t<figure>\n\t\t\t\t\t\t<img src='https:\/\/nw.travelblox.eu\/wp-content\/uploads\/sites\/64\/2024\/04\/Nordicwoods-Zweden-NickBezemer-LR-47-1-768x1152.jpg' width='768' height='1152' loading='lazy' image_size='medium_large'>\t\t\t\t\t\t\t\t\t\t\t<\/figure>\n\t\t\t\t<\/div>\n\t\t\t<\/div>\n\t\t\t\t\t<div class=\"entry\">\n\t\t\t\t<div class=\"tb-image-part\">\n\t\t\t\t\t<figure>\n\t\t\t\t\t\t<img src='https:\/\/nw.travelblox.eu\/wp-content\/uploads\/sites\/64\/2024\/04\/Nordicwoods-Zweden-NickBezemer-LR-32-1-768x1152.jpg' width='768' height='1152' loading='lazy' image_size='medium_large'>\t\t\t\t\t\t\t\t\t\t\t<\/figure>\n\t\t\t\t<\/div>\n\t\t\t<\/div>\n\t\t\t\t\t<div class=\"entry\">\n\t\t\t\t<div class=\"tb-image-part\">\n\t\t\t\t\t<figure>\n\t\t\t\t\t\t<img src='https:\/\/nw.travelblox.eu\/wp-content\/uploads\/sites\/64\/2024\/04\/Nordicwoods-Zweden-NickBezemer-LR-30-1-768x1152.jpg' width='768' height='1152' loading='lazy' image_size='medium_large'>\t\t\t\t\t\t\t\t\t\t\t<\/figure>\n\t\t\t\t<\/div>\n\t\t\t<\/div>\n\t\t\t\t\t\t\t\t<\/div>\n\t\t\t\t\t\t<div class=\"tb-carousel-nav\">\n\t\t\t<div class=\"dots\">\n\t\t\t\t<div class=\"dot active\"><\/div>\n\t\t\t\t<div class=\"dot\"><\/div>\n\t\t\t\t<div class=\"dot\"><\/div>\n\t\t\t<\/div>\n\t\t\t<div class=\"arrows\">\n\t\t\t\t<div class=\"prev disabled\">\n\t\t\t\t\t<span><i class=\"fa fa-chevron-left\"><\/i><\/span>\n\t\t\t\t<\/div>\n\t\t\t\t<div class=\"next\">\n\t\t\t\t\t<span><i class=\"fa fa-chevron-right\"><\/i><\/span>\n\t\t\t\t<\/div>\n\t\t\t<\/div>\n\t\t<\/div>\n\t\t\t\t<\/div>\n\t\t<\/div>\n\t\t\t\t\t\t<\/div>\n\t\t\t\t<div class=\"tb-card-content text-part\">\n\t\t\t\t\t<h5>\t\t\t\t<i class=\"icon fa-solid fa-leaf\" aria-hidden=\"true\"><\/i>\n\t\t\t CAVING<\/h5>\n\t\t\t\t\t\t\t<div class=\"translation-block\"><p>Caving, eine spannende Tour durch die gr\u00f6\u00dfte Urgesteinh\u00f6hle im \u00c5snen-Nationalpark. Du wirst im H\u00f6hlensystem kriechen und klettern, mit der sogenannten SRT (Single Rope Technique) an Seilen klettern und mit dem Seil abseilen.<\/p><p>\u23f0 10:00<br>\ud83d\udcc5 Dienstag<br>\u23f3 5 Stunden<br>\ud83d\udccc Ab 10 Jahren<\/p><\/div>\n\t\t\t\t\t\t<div class=\"tb-buttons-part\">\n\t\t\t\t\t\t\t\t\t\t\t<\/div>\n\t\t\t\t<\/div>\n\t\t\t<\/div>\n\t\t\t\t\t<div class=\"tb-card entry tb-fade-in tb-fade-in--subtle\">\n\t\t\t\t<div class=\"tb-image-part\">\n\t\t\t\t\t\t\t\t\t<div class=\"inner-block-full-width has-tb-carousel tb-carousel-slider\" >\n\t\t\t<div class=\"tb-carousel-container\">\n\t\t\t\t<div class=\"entries tb-cards\" data-slider-first=\"0\">\n\t\t\t\t\t\t\t\t\t<div class=\"entry\">\n\t\t\t\t<div class=\"tb-image-part\">\n\t\t\t\t\t<figure>\n\t\t\t\t\t\t<img src='https:\/\/nw.travelblox.eu\/wp-content\/uploads\/sites\/64\/2024\/04\/droneNordicwoods_Noorwegen_2022_EvyvanNispen_LR-34-768x512.jpg' width='768' height='512' alt='sea kayaking nordic woods glamping' loading='lazy' image_size='medium_large'>\t\t\t\t\t\t\t\t\t\t\t<\/figure>\n\t\t\t\t<\/div>\n\t\t\t<\/div>\n\t\t\t\t\t<div class=\"entry\">\n\t\t\t\t<div class=\"tb-image-part\">\n\t\t\t\t\t<figure>\n\t\t\t\t\t\t<img src='https:\/\/nw.travelblox.eu\/wp-content\/uploads\/sites\/64\/2024\/04\/droneNordicwoods_Noorwegen_2022_EvyvanNispen_LR-33-768x512.jpg' width='768' height='512' loading='lazy' image_size='medium_large'>\t\t\t\t\t\t\t\t\t\t\t<\/figure>\n\t\t\t\t<\/div>\n\t\t\t<\/div>\n\t\t\t\t\t<div class=\"entry\">\n\t\t\t\t<div class=\"tb-image-part\">\n\t\t\t\t\t<figure>\n\t\t\t\t\t\t<img src='https:\/\/nw.travelblox.eu\/wp-content\/uploads\/sites\/64\/2024\/04\/droneNordicwoods_Noorwegen_2022_EvyvanNispen_LR-30-768x512.jpg' width='768' height='512' loading='lazy' image_size='medium_large'>\t\t\t\t\t\t\t\t\t\t\t<\/figure>\n\t\t\t\t<\/div>\n\t\t\t<\/div>\n\t\t\t\t\t\t\t\t<\/div>\n\t\t\t\t\t\t<div class=\"tb-carousel-nav\">\n\t\t\t<div class=\"dots\">\n\t\t\t\t<div class=\"dot active\"><\/div>\n\t\t\t\t<div class=\"dot\"><\/div>\n\t\t\t\t<div class=\"dot\"><\/div>\n\t\t\t<\/div>\n\t\t\t<div class=\"arrows\">\n\t\t\t\t<div class=\"prev disabled\">\n\t\t\t\t\t<span><i class=\"fa fa-chevron-left\"><\/i><\/span>\n\t\t\t\t<\/div>\n\t\t\t\t<div class=\"next\">\n\t\t\t\t\t<span><i class=\"fa fa-chevron-right\"><\/i><\/span>\n\t\t\t\t<\/div>\n\t\t\t<\/div>\n\t\t<\/div>\n\t\t\t\t<\/div>\n\t\t<\/div>\n\t\t\t\t\t\t<\/div>\n\t\t\t\t<div class=\"tb-card-content text-part\">\n\t\t\t\t\t<h5>\t\t\t\t<i class=\"icon fa-solid fa-water\" aria-hidden=\"true\"><\/i>\n\t\t\t SEEAUFKAJAKKEN<\/h5>\n\t\t\t\t\t\t\t<div class=\"translation-block\"><p>Im Archipel von Blekinge, einem der Biosph\u00e4renreservate der UNESCO, liegt das Archipel von Karlshamn, der einzigartigste Teil. Nach einer kurzen Wassersicherheitstrainings-Einheit werden die Grundlagen des Kajakfahrens erkl\u00e4rt. Danach paddeln wir auch im Archipel.<\/p><p>\u23f0 10:00 Uhr<br>\ud83d\udcc5 Mittwoch<br>\u23f3 6-7 Stunden<br>\ud83d\udccc Ab 10 Jahren<\/p><\/div>\n\t\t\t\t\t\t<div class=\"tb-buttons-part\">\n\t\t\t\t\t\t\t\t\t\t\t<\/div>\n\t\t\t\t<\/div>\n\t\t\t<\/div>\n\t\t\t\t\t<div class=\"tb-card entry tb-fade-in tb-fade-in--subtle\">\n\t\t\t\t<div class=\"tb-image-part\">\n\t\t\t\t\t\t\t\t\t<div class=\"inner-block-full-width has-tb-carousel tb-carousel-slider\" >\n\t\t\t<div class=\"tb-carousel-container\">\n\t\t\t\t<div class=\"entries tb-cards\" data-slider-first=\"0\">\n\t\t\t\t\t\t\t\t\t<div class=\"entry\">\n\t\t\t\t<div class=\"tb-image-part\">\n\t\t\t\t\t<figure>\n\t\t\t\t\t\t<img src='https:\/\/nw.travelblox.eu\/wp-content\/uploads\/sites\/64\/2024\/04\/NordicWoods_LR_Evy-363-768x512.jpg' width='768' height='512' loading='lazy' image_size='medium_large'>\t\t\t\t\t\t\t\t\t\t\t<\/figure>\n\t\t\t\t<\/div>\n\t\t\t<\/div>\n\t\t\t\t\t<div class=\"entry\">\n\t\t\t\t<div class=\"tb-image-part\">\n\t\t\t\t\t<figure>\n\t\t\t\t\t\t<img src='https:\/\/nw.travelblox.eu\/wp-content\/uploads\/sites\/64\/2024\/04\/NordicWoods_LR_Evy-361-768x512.jpg' width='768' height='512' loading='lazy' image_size='medium_large'>\t\t\t\t\t\t\t\t\t\t\t<\/figure>\n\t\t\t\t<\/div>\n\t\t\t<\/div>\n\t\t\t\t\t<div class=\"entry\">\n\t\t\t\t<div class=\"tb-image-part\">\n\t\t\t\t\t<figure>\n\t\t\t\t\t\t<img src='https:\/\/nw.travelblox.eu\/wp-content\/uploads\/sites\/64\/2024\/04\/NordicWoods_LR_Evy-369-768x512.jpg' width='768' height='512' loading='lazy' image_size='medium_large'>\t\t\t\t\t\t\t\t\t\t\t<\/figure>\n\t\t\t\t<\/div>\n\t\t\t<\/div>\n\t\t\t\t\t<div class=\"entry\">\n\t\t\t\t<div class=\"tb-image-part\">\n\t\t\t\t\t<figure>\n\t\t\t\t\t\t<img src='https:\/\/nw.travelblox.eu\/wp-content\/uploads\/sites\/64\/2024\/04\/NordicWoods_LR_Evy-372-768x512.jpg' width='768' height='512' loading='lazy' image_size='medium_large'>\t\t\t\t\t\t\t\t\t\t\t<\/figure>\n\t\t\t\t<\/div>\n\t\t\t<\/div>\n\t\t\t\t\t<div class=\"entry\">\n\t\t\t\t<div class=\"tb-image-part\">\n\t\t\t\t\t<figure>\n\t\t\t\t\t\t<img src='https:\/\/nw.travelblox.eu\/wp-content\/uploads\/sites\/64\/2024\/04\/NordicWoods_LR_Evy-368-768x512.jpg' width='768' height='512' loading='lazy' image_size='medium_large'>\t\t\t\t\t\t\t\t\t\t\t<\/figure>\n\t\t\t\t<\/div>\n\t\t\t<\/div>\n\t\t\t\t\t\t\t\t<\/div>\n\t\t\t\t\t\t<div class=\"tb-carousel-nav\">\n\t\t\t<div class=\"dots\">\n\t\t\t\t<div class=\"dot active\"><\/div>\n\t\t\t\t<div class=\"dot\"><\/div>\n\t\t\t\t<div class=\"dot\"><\/div>\n\t\t\t<\/div>\n\t\t\t<div class=\"arrows\">\n\t\t\t\t<div class=\"prev disabled\">\n\t\t\t\t\t<span><i class=\"fa fa-chevron-left\"><\/i><\/span>\n\t\t\t\t<\/div>\n\t\t\t\t<div class=\"next\">\n\t\t\t\t\t<span><i class=\"fa fa-chevron-right\"><\/i><\/span>\n\t\t\t\t<\/div>\n\t\t\t<\/div>\n\t\t<\/div>\n\t\t\t\t<\/div>\n\t\t<\/div>\n\t\t\t\t\t\t<\/div>\n\t\t\t\t<div class=\"tb-card-content text-part\">\n\t\t\t\t\t<h5>\t\t\t\t<i class=\"icon fa-solid fa-bullseye\" aria-hidden=\"true\"><\/i>\n\t\t\t BOGENSCHIESSEN<\/h5>\n\t\t\t\t\t\t\t<div class=\"translation-block\"><p>Ein kurzer historischer \u00dcberblick \u00fcber die Entwicklung des Bogenschie\u00dfens von etwa 900 bis zur Gegenwart. Du wirst mit den folgenden Typen vertraut gemacht: Pferdeb\u00f6gen aus hunnen- und mongolischer Herkunft, Langb\u00f6gen, moderne Recurveb\u00f6gen und Compound-\/Jagd-B\u00f6gen.<\/p><p>\u23f0 17:00 Uhr<br>\ud83d\udcc5 Mittwoch<br>\u23f3 6-7 Stunden<br>\ud83d\udccc Ab 12 Jahren<\/p><\/div>\n\t\t\t\t\t\t<div class=\"tb-buttons-part\">\n\t\t\t\t\t\t\t\t\t\t\t<\/div>\n\t\t\t\t<\/div>\n\t\t\t<\/div>\n\t\t\t\t\t\t\t\t<\/div>\n\t\t\t\t\t\t<div class=\"tb-carousel-nav\">\n\t\t\t<div class=\"dots\">\n\t\t\t\t<div class=\"dot active\"><\/div>\n\t\t\t\t<div class=\"dot\"><\/div>\n\t\t\t\t<div class=\"dot\"><\/div>\n\t\t\t<\/div>\n\t\t\t<div class=\"arrows\">\n\t\t\t\t<div class=\"prev disabled\">\n\t\t\t\t\t<span><i class=\"fa fa-chevron-left\"><\/i><\/span>\n\t\t\t\t<\/div>\n\t\t\t\t<div class=\"next\">\n\t\t\t\t\t<span><i class=\"fa fa-chevron-right\"><\/i><\/span>\n\t\t\t\t<\/div>\n\t\t\t<\/div>\n\t\t<\/div>\n\t\t\t\t<\/div>\n\t\t<\/div>\n\t\t\t<\/div>","protected":false},"excerpt":{"rendered":"","protected":false},"author":51,"featured_media":2079,"parent":0,"menu_order":0,"comment_status":"closed","ping_status":"closed","template":"","meta":{"_acf_changed":false,"inline_featured_image":false,"footnotes":""},"class_list":["post-2078","page","type-page","status-publish","has-post-thumbnail","hentry"],"acf":{"page_package_ids":"","is_main_package_page":false,"additional_linked_packages":[],"feed_page_to_atlas":true},"_links":{"self":[{"href":"https:\/\/nw.travelblox.eu\/de\/wp-json\/wp\/v2\/pages\/2078","targetHints":{"allow":["GET"]}}],"collection":[{"href":"https:\/\/nw.travelblox.eu\/de\/wp-json\/wp\/v2\/pages"}],"about":[{"href":"https:\/\/nw.travelblox.eu\/de\/wp-json\/wp\/v2\/types\/page"}],"author":[{"embeddable":true,"href":"https:\/\/nw.travelblox.eu\/de\/wp-json\/wp\/v2\/users\/51"}],"replies":[{"embeddable":true,"href":"https:\/\/nw.travelblox.eu\/de\/wp-json\/wp\/v2\/comments?post=2078"}],"version-history":[{"count":14,"href":"https:\/\/nw.travelblox.eu\/de\/wp-json\/wp\/v2\/pages\/2078\/revisions"}],"predecessor-version":[{"id":2876,"href":"https:\/\/nw.travelblox.eu\/de\/wp-json\/wp\/v2\/pages\/2078\/revisions\/2876"}],"wp:featuredmedia":[{"embeddable":true,"href":"https:\/\/nw.travelblox.eu\/de\/wp-json\/wp\/v2\/media\/2079"}],"wp:attachment":[{"href":"https:\/\/nw.travelblox.eu\/de\/wp-json\/wp\/v2\/media?parent=2078"}],"curies":[{"name":"wp","href":"https:\/\/api.w.org\/{rel}","templated":true}]}}